{"id":4910,"date":"2021-07-15T11:21:36","date_gmt":"2021-07-15T11:21:36","guid":{"rendered":"https:\/\/www.ecopinttors.com\/blog-pintura-ecologica\/?page_id=4910"},"modified":"2025-01-21T10:37:59","modified_gmt":"2025-01-21T10:37:59","slug":"blog-ecopinttors","status":"publish","type":"page","link":"https:\/\/www.ecopinttors.com\/blog-pintura-ecologica\/","title":{"rendered":"Blog Ecopinttors"},"content":{"rendered":"<div id='layer_slider_1'  class='avia-layerslider main_color avia-shadow  avia-builder-el-0  el_before_av_one_full  avia-builder-el-first  container_wrap sidebar_right' style='  height: 711px; max-width: 1920px; margin: 0 auto;' ><\/div><div id='after_layer_slider_1'  class='main_color av_default_container_wrap container_wrap sidebar_right' style=' '  ><div class='container' ><div class='template-page content  av-content-small alpha units'><div class='post-entry post-entry-type-page post-entry-4910'><div class='entry-content-wrapper clearfix'>\n<div class=\"flex_column av_one_full  flex_column_div av-zero-column-padding first  avia-builder-el-1  el_after_av_layerslider  el_before_av_one_full  avia-builder-el-first  \" style='border-radius:0px; '><section class=\"av_textblock_section \"  itemscope=\"itemscope\" itemtype=\"https:\/\/schema.org\/CreativeWork\" ><div class='avia_textblock  av_inherit_color '  style='color:#000000; '  itemprop=\"text\" ><h2>Ecopinttors Pinturas Ecol\u00f3gicas y Naturales. Pintores profesionales en el sector ecol\u00f3gico.<\/h2>\n<p>Queremos poner al alcance de todos unas pinturas de alta calidad que respeten, tanto nuestra salud como nuestro medio ambiente. Ofrecemos una alternativa diferente en pinturas y barnices ecol\u00f3gicos y naturales para interior y exterior, mobiliario de jard\u00edn, de uso infantil, para la construcci\u00f3n sostenible, libres de cargas electromagn\u00e9ticas y antial\u00e9rgicas.<\/p>\n<\/div><\/section><\/div><div class=\"flex_column av_one_full  flex_column_div av-zero-column-padding first  avia-builder-el-3  el_after_av_one_full  avia-builder-el-last  column-top-margin\" style='border-radius:0px; '><\/div><\/p>\n","protected":false},"excerpt":{"rendered":"","protected":false},"author":1,"featured_media":0,"parent":0,"menu_order":0,"comment_status":"closed","ping_status":"closed","template":"","meta":{"_monsterinsights_skip_tracking":false,"_monsterinsights_sitenote_active":false,"_monsterinsights_sitenote_note":"","_monsterinsights_sitenote_category":0,"footnotes":""},"yoast_head":"<!-- This site is optimized with the Yoast SEO plugin v23.4 - https:\/\/yoast.com\/wordpress\/plugins\/seo\/ -->\n<title>Blog Ecopinttors - Pintores Ecol\u00f3gicos. Tu Blog de pintura Ecol\u00f3gica. Ecopinttors<\/title>\n<meta name=\"robots\" content=\"index, follow, max-snippet:-1, max-image-preview:large, max-video-preview:-1\" \/>\n<link rel=\"canonical\" href=\"https:\/\/www.ecopinttors.com\/blog-pintura-ecologica\/blog-ecopinttors\/\" \/>\n<meta property=\"og:locale\" content=\"es_ES\" \/>\n<meta property=\"og:type\" content=\"article\" \/>\n<meta property=\"og:title\" content=\"Blog Ecopinttors - Pintores Ecol\u00f3gicos. Tu Blog de pintura Ecol\u00f3gica. Ecopinttors\" \/>\n<meta property=\"og:url\" content=\"https:\/\/www.ecopinttors.com\/blog-pintura-ecologica\/blog-ecopinttors\/\" \/>\n<meta property=\"og:site_name\" content=\"Pintores Ecol\u00f3gicos. Tu Blog de pintura Ecol\u00f3gica. Ecopinttors\" \/>\n<meta property=\"article:publisher\" content=\"https:\/\/www.facebook.com\/ecopinttors\/\" \/>\n<meta property=\"article:modified_time\" content=\"2025-01-21T10:37:59+00:00\" \/>\n<meta property=\"og:image\" content=\"https:\/\/www.ecopinttors.com\/blog-pintura-ecologica\/wp-content\/uploads\/2015\/11\/PIE.jpg\" \/>\n\t<meta property=\"og:image:width\" content=\"463\" \/>\n\t<meta property=\"og:image:height\" content=\"168\" \/>\n\t<meta property=\"og:image:type\" content=\"image\/jpeg\" \/>\n<meta name=\"twitter:card\" content=\"summary_large_image\" \/>\n<meta name=\"twitter:site\" content=\"@EcoPinttors\" \/>\n<meta name=\"twitter:label1\" content=\"Tiempo de lectura\" \/>\n\t<meta name=\"twitter:data1\" content=\"1 minuto\" \/>\n<script type=\"application\/ld+json\" class=\"yoast-schema-graph\">{\"@context\":\"https:\/\/schema.org\",\"@graph\":[{\"@type\":\"WebPage\",\"@id\":\"https:\/\/www.ecopinttors.com\/blog-pintura-ecologica\/blog-ecopinttors\/\",\"url\":\"https:\/\/www.ecopinttors.com\/blog-pintura-ecologica\/blog-ecopinttors\/\",\"name\":\"Blog Ecopinttors - Pintores Ecol\u00f3gicos. Tu Blog de pintura Ecol\u00f3gica. Ecopinttors\",\"isPartOf\":{\"@id\":\"https:\/\/www.ecopinttors.com\/blog-pintura-ecologica\/#website\"},\"datePublished\":\"2021-07-15T11:21:36+00:00\",\"dateModified\":\"2025-01-21T10:37:59+00:00\",\"breadcrumb\":{\"@id\":\"https:\/\/www.ecopinttors.com\/blog-pintura-ecologica\/blog-ecopinttors\/#breadcrumb\"},\"inLanguage\":\"es\",\"potentialAction\":[{\"@type\":\"ReadAction\",\"target\":[\"https:\/\/www.ecopinttors.com\/blog-pintura-ecologica\/blog-ecopinttors\/\"]}]},{\"@type\":\"BreadcrumbList\",\"@id\":\"https:\/\/www.ecopinttors.com\/blog-pintura-ecologica\/blog-ecopinttors\/#breadcrumb\",\"itemListElement\":[{\"@type\":\"ListItem\",\"position\":1,\"name\":\"Portada\",\"item\":\"https:\/\/www.ecopinttors.com\/blog-pintura-ecologica\/blog-ecopinttors\/\"},{\"@type\":\"ListItem\",\"position\":2,\"name\":\"Blog Ecopinttors\"}]},{\"@type\":\"WebSite\",\"@id\":\"https:\/\/www.ecopinttors.com\/blog-pintura-ecologica\/#website\",\"url\":\"https:\/\/www.ecopinttors.com\/blog-pintura-ecologica\/\",\"name\":\"Pintores Ecol\u00f3gicos. Tu Blog de pintura Ecol\u00f3gica. Ecopinttors\",\"description\":\"Pintores Ecol\u00f3gicos.Ecopinttors pinturas ecologicas y naturales. Encuentra todo lo que necesitas saber, todo sobre pintura ecol\u00f3gica\",\"potentialAction\":[{\"@type\":\"SearchAction\",\"target\":{\"@type\":\"EntryPoint\",\"urlTemplate\":\"https:\/\/www.ecopinttors.com\/blog-pintura-ecologica\/?s={search_term_string}\"},\"query-input\":{\"@type\":\"PropertyValueSpecification\",\"valueRequired\":true,\"valueName\":\"search_term_string\"}}],\"inLanguage\":\"es\"}]}<\/script>\n<!-- \/ Yoast SEO plugin. -->","yoast_head_json":{"title":"Blog Ecopinttors - Pintores Ecol\u00f3gicos. Tu Blog de pintura Ecol\u00f3gica. Ecopinttors","robots":{"index":"index","follow":"follow","max-snippet":"max-snippet:-1","max-image-preview":"max-image-preview:large","max-video-preview":"max-video-preview:-1"},"canonical":"https:\/\/www.ecopinttors.com\/blog-pintura-ecologica\/blog-ecopinttors\/","og_locale":"es_ES","og_type":"article","og_title":"Blog Ecopinttors - Pintores Ecol\u00f3gicos. Tu Blog de pintura Ecol\u00f3gica. Ecopinttors","og_url":"https:\/\/www.ecopinttors.com\/blog-pintura-ecologica\/blog-ecopinttors\/","og_site_name":"Pintores Ecol\u00f3gicos. Tu Blog de pintura Ecol\u00f3gica. Ecopinttors","article_publisher":"https:\/\/www.facebook.com\/ecopinttors\/","article_modified_time":"2025-01-21T10:37:59+00:00","og_image":[{"width":463,"height":168,"url":"https:\/\/www.ecopinttors.com\/blog-pintura-ecologica\/wp-content\/uploads\/2015\/11\/PIE.jpg","type":"image\/jpeg"}],"twitter_card":"summary_large_image","twitter_site":"@EcoPinttors","twitter_misc":{"Tiempo de lectura":"1 minuto"},"schema":{"@context":"https:\/\/schema.org","@graph":[{"@type":"WebPage","@id":"https:\/\/www.ecopinttors.com\/blog-pintura-ecologica\/blog-ecopinttors\/","url":"https:\/\/www.ecopinttors.com\/blog-pintura-ecologica\/blog-ecopinttors\/","name":"Blog Ecopinttors - Pintores Ecol\u00f3gicos. Tu Blog de pintura Ecol\u00f3gica. Ecopinttors","isPartOf":{"@id":"https:\/\/www.ecopinttors.com\/blog-pintura-ecologica\/#website"},"datePublished":"2021-07-15T11:21:36+00:00","dateModified":"2025-01-21T10:37:59+00:00","breadcrumb":{"@id":"https:\/\/www.ecopinttors.com\/blog-pintura-ecologica\/blog-ecopinttors\/#breadcrumb"},"inLanguage":"es","potentialAction":[{"@type":"ReadAction","target":["https:\/\/www.ecopinttors.com\/blog-pintura-ecologica\/blog-ecopinttors\/"]}]},{"@type":"BreadcrumbList","@id":"https:\/\/www.ecopinttors.com\/blog-pintura-ecologica\/blog-ecopinttors\/#breadcrumb","itemListElement":[{"@type":"ListItem","position":1,"name":"Portada","item":"https:\/\/www.ecopinttors.com\/blog-pintura-ecologica\/blog-ecopinttors\/"},{"@type":"ListItem","position":2,"name":"Blog Ecopinttors"}]},{"@type":"WebSite","@id":"https:\/\/www.ecopinttors.com\/blog-pintura-ecologica\/#website","url":"https:\/\/www.ecopinttors.com\/blog-pintura-ecologica\/","name":"Pintores Ecol\u00f3gicos. Tu Blog de pintura Ecol\u00f3gica. Ecopinttors","description":"Pintores Ecol\u00f3gicos.Ecopinttors pinturas ecologicas y naturales. Encuentra todo lo que necesitas saber, todo sobre pintura ecol\u00f3gica","potentialAction":[{"@type":"SearchAction","target":{"@type":"EntryPoint","urlTemplate":"https:\/\/www.ecopinttors.com\/blog-pintura-ecologica\/?s={search_term_string}"},"query-input":{"@type":"PropertyValueSpecification","valueRequired":true,"valueName":"search_term_string"}}],"inLanguage":"es"}]}},"_links":{"self":[{"href":"https:\/\/www.ecopinttors.com\/blog-pintura-ecologica\/wp-json\/wp\/v2\/pages\/4910"}],"collection":[{"href":"https:\/\/www.ecopinttors.com\/blog-pintura-ecologica\/wp-json\/wp\/v2\/pages"}],"about":[{"href":"https:\/\/www.ecopinttors.com\/blog-pintura-ecologica\/wp-json\/wp\/v2\/types\/page"}],"author":[{"embeddable":true,"href":"https:\/\/www.ecopinttors.com\/blog-pintura-ecologica\/wp-json\/wp\/v2\/users\/1"}],"replies":[{"embeddable":true,"href":"https:\/\/www.ecopinttors.com\/blog-pintura-ecologica\/wp-json\/wp\/v2\/comments?post=4910"}],"version-history":[{"count":15,"href":"https:\/\/www.ecopinttors.com\/blog-pintura-ecologica\/wp-json\/wp\/v2\/pages\/4910\/revisions"}],"predecessor-version":[{"id":5728,"href":"https:\/\/www.ecopinttors.com\/blog-pintura-ecologica\/wp-json\/wp\/v2\/pages\/4910\/revisions\/5728"}],"wp:attachment":[{"href":"https:\/\/www.ecopinttors.com\/blog-pintura-ecologica\/wp-json\/wp\/v2\/media?parent=4910"}],"curies":[{"name":"wp","href":"https:\/\/api.w.org\/{rel}","templated":true}]}}