{"id":2749,"date":"2012-08-30T07:12:40","date_gmt":"2012-08-30T07:12:40","guid":{"rendered":"http:\/\/themes.goodlayers.com\/megazine\/?page_id=2749"},"modified":"2021-08-04T12:53:42","modified_gmt":"2021-08-04T12:53:42","slug":"pintura-exterior","status":"publish","type":"page","link":"https:\/\/www.ecopinttors.com\/blog-pintura-ecologica\/pintura-exterior\/","title":{"rendered":"Todo sobre pintura exterior"},"content":{"rendered":"<div id='av_section_1'  class='avia-section main_color avia-section-default avia-no-border-styling  avia-full-stretch av-section-color-overlay-active avia-bg-style-scroll  avia-builder-el-0  el_before_av_one_full  avia-builder-el-first   av-minimum-height av-minimum-height-custom  container_wrap sidebar_right' style='background-repeat: no-repeat; background-image: url(https:\/\/www.ecopinttors.com\/blog-pintura-ecologica\/wp-content\/uploads\/2021\/07\/headerPinturaExterior.jpg);background-attachment: scroll; background-position: center center;  '  data-section-bg-repeat='stretch'><div class='av-section-color-overlay-wrap'><div class='av-section-color-overlay' style='opacity: 0.3; background-color: #000000; '><\/div><div class='container' style='height:300px'><main  role=\"main\" itemprop=\"mainContentOfPage\"  class='template-page content  av-content-small alpha units'><div class='post-entry post-entry-type-page post-entry-2749'><div class='entry-content-wrapper clearfix'>\n<div  style='padding-bottom:10px; color:#ffffff;font-size:50px;' class='av-special-heading av-special-heading-h1 custom-color-heading blockquote modern-quote modern-centered  avia-builder-el-1  avia-builder-el-no-sibling  av-inherit-size '><h1 class='av-special-heading-tag '  itemprop=\"headline\"  >Todo sobre pintura exterior<\/h1><div class ='av-subheading av-subheading_below av_custom_color ' style='font-size:15px;'><p>ECOPINTTORS &#8211; PINTORES ECOL\u00d3GICOS<\/p>\n<\/div><div class='special-heading-border'><div class='special-heading-inner-border' style='border-color:#ffffff'><\/div><\/div><\/div>\n<\/div><\/div><\/main><!-- close content main element --><\/div><\/div><\/div><div id='after_section_1'  class='main_color av_default_container_wrap container_wrap sidebar_right' style=' '  ><div class='container' ><div class='template-page content  av-content-small alpha units'><div class='post-entry post-entry-type-page post-entry-2749'><div class='entry-content-wrapper clearfix'><div class=\"flex_column av_one_full  flex_column_div av-zero-column-padding first  avia-builder-el-2  el_after_av_section  avia-builder-el-no-sibling  \" style='border-radius:0px; '><\/div><\/p>\n","protected":false},"excerpt":{"rendered":"","protected":false},"author":1,"featured_media":0,"parent":0,"menu_order":0,"comment_status":"open","ping_status":"open","template":"","meta":{"footnotes":""},"yoast_head":"<!-- This site is optimized with the Yoast SEO plugin v23.4 - https:\/\/yoast.com\/wordpress\/plugins\/seo\/ -->\n<title>Todo sobre pintura exterior - Pintores Ecol\u00f3gicos. Tu Blog de pintura Ecol\u00f3gica. Ecopinttors<\/title>\n<meta name=\"robots\" content=\"index, follow, max-snippet:-1, max-image-preview:large, max-video-preview:-1\" \/>\n<link rel=\"canonical\" href=\"https:\/\/www.ecopinttors.com\/blog-pintura-ecologica\/pintura-exterior\/\" \/>\n<meta property=\"og:locale\" content=\"es_ES\" \/>\n<meta property=\"og:type\" content=\"article\" \/>\n<meta property=\"og:title\" content=\"Todo sobre pintura exterior - Pintores Ecol\u00f3gicos. Tu Blog de pintura Ecol\u00f3gica. Ecopinttors\" \/>\n<meta property=\"og:url\" content=\"https:\/\/www.ecopinttors.com\/blog-pintura-ecologica\/pintura-exterior\/\" \/>\n<meta property=\"og:site_name\" content=\"Pintores Ecol\u00f3gicos. Tu Blog de pintura Ecol\u00f3gica. Ecopinttors\" \/>\n<meta property=\"article:publisher\" content=\"https:\/\/www.facebook.com\/ecopinttors\/\" \/>\n<meta property=\"article:modified_time\" content=\"2021-08-04T12:53:42+00:00\" \/>\n<meta property=\"og:image\" content=\"https:\/\/www.ecopinttors.com\/blog-pintura-ecologica\/wp-content\/uploads\/2015\/11\/PIE.jpg\" \/>\n\t<meta property=\"og:image:width\" content=\"463\" \/>\n\t<meta property=\"og:image:height\" content=\"168\" \/>\n\t<meta property=\"og:image:type\" content=\"image\/jpeg\" \/>\n<meta name=\"twitter:card\" content=\"summary_large_image\" \/>\n<meta name=\"twitter:site\" content=\"@EcoPinttors\" \/>\n<script type=\"application\/ld+json\" class=\"yoast-schema-graph\">{\"@context\":\"https:\/\/schema.org\",\"@graph\":[{\"@type\":\"WebPage\",\"@id\":\"https:\/\/www.ecopinttors.com\/blog-pintura-ecologica\/pintura-exterior\/\",\"url\":\"https:\/\/www.ecopinttors.com\/blog-pintura-ecologica\/pintura-exterior\/\",\"name\":\"Todo sobre pintura exterior - Pintores Ecol\u00f3gicos. Tu Blog de pintura Ecol\u00f3gica. Ecopinttors\",\"isPartOf\":{\"@id\":\"https:\/\/www.ecopinttors.com\/blog-pintura-ecologica\/#website\"},\"datePublished\":\"2012-08-30T07:12:40+00:00\",\"dateModified\":\"2021-08-04T12:53:42+00:00\",\"breadcrumb\":{\"@id\":\"https:\/\/www.ecopinttors.com\/blog-pintura-ecologica\/pintura-exterior\/#breadcrumb\"},\"inLanguage\":\"es\",\"potentialAction\":[{\"@type\":\"ReadAction\",\"target\":[\"https:\/\/www.ecopinttors.com\/blog-pintura-ecologica\/pintura-exterior\/\"]}]},{\"@type\":\"BreadcrumbList\",\"@id\":\"https:\/\/www.ecopinttors.com\/blog-pintura-ecologica\/pintura-exterior\/#breadcrumb\",\"itemListElement\":[{\"@type\":\"ListItem\",\"position\":1,\"name\":\"Portada\",\"item\":\"https:\/\/www.ecopinttors.com\/blog-pintura-ecologica\/blog-ecopinttors\/\"},{\"@type\":\"ListItem\",\"position\":2,\"name\":\"Todo sobre pintura exterior\"}]},{\"@type\":\"WebSite\",\"@id\":\"https:\/\/www.ecopinttors.com\/blog-pintura-ecologica\/#website\",\"url\":\"https:\/\/www.ecopinttors.com\/blog-pintura-ecologica\/\",\"name\":\"Pintores Ecol\u00f3gicos. Tu Blog de pintura Ecol\u00f3gica. Ecopinttors\",\"description\":\"Pintores Ecol\u00f3gicos.Ecopinttors pinturas ecologicas y naturales. Encuentra todo lo que necesitas saber, todo sobre pintura ecol\u00f3gica\",\"potentialAction\":[{\"@type\":\"SearchAction\",\"target\":{\"@type\":\"EntryPoint\",\"urlTemplate\":\"https:\/\/www.ecopinttors.com\/blog-pintura-ecologica\/?s={search_term_string}\"},\"query-input\":{\"@type\":\"PropertyValueSpecification\",\"valueRequired\":true,\"valueName\":\"search_term_string\"}}],\"inLanguage\":\"es\"}]}<\/script>\n<!-- \/ Yoast SEO plugin. -->","yoast_head_json":{"title":"Todo sobre pintura exterior - Pintores Ecol\u00f3gicos. Tu Blog de pintura Ecol\u00f3gica. Ecopinttors","robots":{"index":"index","follow":"follow","max-snippet":"max-snippet:-1","max-image-preview":"max-image-preview:large","max-video-preview":"max-video-preview:-1"},"canonical":"https:\/\/www.ecopinttors.com\/blog-pintura-ecologica\/pintura-exterior\/","og_locale":"es_ES","og_type":"article","og_title":"Todo sobre pintura exterior - Pintores Ecol\u00f3gicos. Tu Blog de pintura Ecol\u00f3gica. Ecopinttors","og_url":"https:\/\/www.ecopinttors.com\/blog-pintura-ecologica\/pintura-exterior\/","og_site_name":"Pintores Ecol\u00f3gicos. Tu Blog de pintura Ecol\u00f3gica. Ecopinttors","article_publisher":"https:\/\/www.facebook.com\/ecopinttors\/","article_modified_time":"2021-08-04T12:53:42+00:00","og_image":[{"width":463,"height":168,"url":"https:\/\/www.ecopinttors.com\/blog-pintura-ecologica\/wp-content\/uploads\/2015\/11\/PIE.jpg","type":"image\/jpeg"}],"twitter_card":"summary_large_image","twitter_site":"@EcoPinttors","schema":{"@context":"https:\/\/schema.org","@graph":[{"@type":"WebPage","@id":"https:\/\/www.ecopinttors.com\/blog-pintura-ecologica\/pintura-exterior\/","url":"https:\/\/www.ecopinttors.com\/blog-pintura-ecologica\/pintura-exterior\/","name":"Todo sobre pintura exterior - Pintores Ecol\u00f3gicos. Tu Blog de pintura Ecol\u00f3gica. Ecopinttors","isPartOf":{"@id":"https:\/\/www.ecopinttors.com\/blog-pintura-ecologica\/#website"},"datePublished":"2012-08-30T07:12:40+00:00","dateModified":"2021-08-04T12:53:42+00:00","breadcrumb":{"@id":"https:\/\/www.ecopinttors.com\/blog-pintura-ecologica\/pintura-exterior\/#breadcrumb"},"inLanguage":"es","potentialAction":[{"@type":"ReadAction","target":["https:\/\/www.ecopinttors.com\/blog-pintura-ecologica\/pintura-exterior\/"]}]},{"@type":"BreadcrumbList","@id":"https:\/\/www.ecopinttors.com\/blog-pintura-ecologica\/pintura-exterior\/#breadcrumb","itemListElement":[{"@type":"ListItem","position":1,"name":"Portada","item":"https:\/\/www.ecopinttors.com\/blog-pintura-ecologica\/blog-ecopinttors\/"},{"@type":"ListItem","position":2,"name":"Todo sobre pintura exterior"}]},{"@type":"WebSite","@id":"https:\/\/www.ecopinttors.com\/blog-pintura-ecologica\/#website","url":"https:\/\/www.ecopinttors.com\/blog-pintura-ecologica\/","name":"Pintores Ecol\u00f3gicos. Tu Blog de pintura Ecol\u00f3gica. Ecopinttors","description":"Pintores Ecol\u00f3gicos.Ecopinttors pinturas ecologicas y naturales. Encuentra todo lo que necesitas saber, todo sobre pintura ecol\u00f3gica","potentialAction":[{"@type":"SearchAction","target":{"@type":"EntryPoint","urlTemplate":"https:\/\/www.ecopinttors.com\/blog-pintura-ecologica\/?s={search_term_string}"},"query-input":{"@type":"PropertyValueSpecification","valueRequired":true,"valueName":"search_term_string"}}],"inLanguage":"es"}]}},"_links":{"self":[{"href":"https:\/\/www.ecopinttors.com\/blog-pintura-ecologica\/wp-json\/wp\/v2\/pages\/2749"}],"collection":[{"href":"https:\/\/www.ecopinttors.com\/blog-pintura-ecologica\/wp-json\/wp\/v2\/pages"}],"about":[{"href":"https:\/\/www.ecopinttors.com\/blog-pintura-ecologica\/wp-json\/wp\/v2\/types\/page"}],"author":[{"embeddable":true,"href":"https:\/\/www.ecopinttors.com\/blog-pintura-ecologica\/wp-json\/wp\/v2\/users\/1"}],"replies":[{"embeddable":true,"href":"https:\/\/www.ecopinttors.com\/blog-pintura-ecologica\/wp-json\/wp\/v2\/comments?post=2749"}],"version-history":[{"count":4,"href":"https:\/\/www.ecopinttors.com\/blog-pintura-ecologica\/wp-json\/wp\/v2\/pages\/2749\/revisions"}],"predecessor-version":[{"id":5137,"href":"https:\/\/www.ecopinttors.com\/blog-pintura-ecologica\/wp-json\/wp\/v2\/pages\/2749\/revisions\/5137"}],"wp:attachment":[{"href":"https:\/\/www.ecopinttors.com\/blog-pintura-ecologica\/wp-json\/wp\/v2\/media?parent=2749"}],"curies":[{"name":"wp","href":"https:\/\/api.w.org\/{rel}","templated":true}]}}